{"id":6,"date":"2024-06-26T14:06:43","date_gmt":"2024-06-26T14:06:43","guid":{"rendered":"https:\/\/familiasdemitierra.org.ar\/ac\/?page_id=6"},"modified":"2024-06-26T14:06:43","modified_gmt":"2024-06-26T14:06:43","slug":"familias-de-mi-tierra","status":"publish","type":"page","link":"https:\/\/familiasdemitierra.org.ar\/ac\/","title":{"rendered":"Familias de mi Tierra"},"content":{"rendered":"\n<p>La asociaci\u00f3n civil \u00abFamilias de Mi Tierra\u00bb (Personer\u00eda jur\u00eddica 3098) nace del sue\u00f1o de una comunidad educativa, ya su nombre nos remonta al sentido de pertenencia, de tejido vivo, de infancias creciendo que fueron centro y sentido para gestar y dar vida a la Escuela Aguaribay.<\/p>\n\n\n\n<p>Familias de mi tierra tiene por objeto brindar servicios educativos de nivel inicial y primario utilizando la pedagog\u00eda Waldorf como marco educativo y la gesti\u00f3n social como forma de organizaci\u00f3n interna. Integramos la Asociaci\u00f3n madres, padres y maestros, no como emprendimiento econ\u00f3mico ni recibiendo ganancias por ello, sino asociados libremente convocados por la ni\u00f1ez a transitar esta experiencia.<\/p>\n\n\n\n<p>Fuimos creciendo en n\u00famero, dones, voluntades y tambi\u00e9n desaf\u00edos.<\/p>\n\n\n\n<p>Buscamos como Organismo vivo ser m\u00e1s que una suma de individualidades y que desde la diversidad y el encuentro se fortalezca la trama de este tejido social.<\/p>\n\n\n\n<ul class=\"wp-block-list\">\n<li>Creemos en una educaci\u00f3n que concibe al ser humano de manera integral, una educaci\u00f3n para la libertad individual y la fraternidad con el mundo.<\/li>\n\n\n\n<li>Creemos en una organizaci\u00f3n Comunitaria que desde su entramado potencie los dones individuales que como seres humanos traemos al mundo y que puestos al servicio de un organismo mayor promuevan y fortalezcan el esp\u00edritu colaborativo, la solidaridad, el compromiso y la unidad en la diversidad. Creemos en el cuidado de la naturaleza y el respeto por los ritmos estacionales, en formas m\u00e1s amorosas para su cuidado por lo que promovemos la producci\u00f3n y comercializaci\u00f3n de derivados de la agricultura agroecol\u00f3gica.<\/li>\n\n\n\n<li>Creemos en una econom\u00eda del \u00abdon\u00bb, que promueva las econom\u00edas de las familias como de la regi\u00f3n que habitamos, dando lugar a la producci\u00f3n y comercializaci\u00f3n de productos artesanales.<\/li>\n<\/ul>\n\n\n\n<ul class=\"wp-block-list\">\n<li>Creemos en la cultura como espacio de crecimiento, fortalecimiento de lazos, desarrollo de una mirada integral de la sociedad por lo que promovemos actividades que nos entrelazan, encuentran y aportan desde la diversidad al desarrollo del territorio que habitamos.\u00a0<\/li>\n<\/ul>\n\n\n\n<p>Podr\u00edamos decir que este organismo vivo y en constante expansi\u00f3n tiene tres corazones desde donde latimos, nos miramos, buscamos y crecemos.<\/p>\n\n\n\n<p>En el centro la Educaci\u00f3n sustentada en la Pedagog\u00eda Waldorf.<br>La gesti\u00f3n comunitaria como forma de organizarnos.<br>La econom\u00eda fraterna como forma de garantizar el acceso a la educaci\u00f3n sin distinci\u00f3n de clases o situaci\u00f3n econ\u00f3mica.<\/p>\n\n\n\n<h2 class=\"wp-block-heading\"><strong>Nuestra misi\u00f3n y visi\u00f3n:<\/strong><\/h2>\n\n\n\n<p>Brindar servicios educativos de nivel inicial y primario utilizando la pedagog\u00eda Waldorf como marco educativo y la gesti\u00f3n comunitaria como forma de organizaci\u00f3n interna.<\/p>\n\n\n\n<ul class=\"wp-block-list\">\n<li>Propiciar el desarrollo integral del ni\u00f1o como ser bio-psico-social.<\/li>\n\n\n\n<li>Garantizar la accesibilidad de todos los ni\u00f1os y ni\u00f1as sin distinciones sociales, culturales ni econ\u00f3micos.<\/li>\n\n\n\n<li>Articulaci\u00f3n con otros organismos municipales, provinciales, nacionales o internacionales, publicos o privados celebrando convenios que aporten a la concreci\u00f3n de los objetivos del proyecto.<\/li>\n\n\n\n<li>Crear un espacio de investigaci\u00f3n y estudio de todos los aspectos relacionados a la experiencia educativa, organizativa, a pedagog\u00eda Waldorf y la gesti\u00f3n comunitaria.<\/li>\n\n\n\n<li>Brindar cursos, talleres, charlas y otras actividades gratuitas con fines educativos<\/li>\n<\/ul>\n\n\n\n<h2 class=\"wp-block-heading\"><strong>Con finalidad de autosustentar el proyecto tambi\u00e9n se propone.<\/strong><\/h2>\n\n\n\n<ul class=\"wp-block-list\">\n<li>Producci\u00f3n y comercializaci\u00f3n de derivados de la agricultura ecol\u00f3gica<\/li>\n\n\n\n<li>Producci\u00f3n y comercializaci\u00f3n de productos artesanales<\/li>\n\n\n\n<li>Brindar cursos de capacitaci\u00f3n y talleres<\/li>\n\n\n\n<li>Organizaci\u00f3n de eventos culturales y art\u00edsticos<\/li>\n<\/ul>\n","protected":false},"excerpt":{"rendered":"<p>La asociaci\u00f3n civil \u00abFamilias de Mi Tierra\u00bb (Personer\u00eda jur\u00eddica 3098) nace del sue\u00f1o de una comunidad educativa, ya su nombre nos remonta al sentido de pertenencia, de tejido vivo, de infancias creciendo que fueron centro y sentido para gestar y dar vida a la Escuela Aguaribay. Familias de mi tierra tiene por objeto brindar servicios [&hellip;]<\/p>\n","protected":false},"author":3,"featured_media":0,"parent":0,"menu_order":0,"comment_status":"closed","ping_status":"closed","template":"","meta":{"footnotes":""},"class_list":["post-6","page","type-page","status-publish","hentry"],"_links":{"self":[{"href":"https:\/\/familiasdemitierra.org.ar\/ac\/wp-json\/wp\/v2\/pages\/6","targetHints":{"allow":["GET"]}}],"collection":[{"href":"https:\/\/familiasdemitierra.org.ar\/ac\/wp-json\/wp\/v2\/pages"}],"about":[{"href":"https:\/\/familiasdemitierra.org.ar\/ac\/wp-json\/wp\/v2\/types\/page"}],"author":[{"embeddable":true,"href":"https:\/\/familiasdemitierra.org.ar\/ac\/wp-json\/wp\/v2\/users\/3"}],"replies":[{"embeddable":true,"href":"https:\/\/familiasdemitierra.org.ar\/ac\/wp-json\/wp\/v2\/comments?post=6"}],"version-history":[{"count":1,"href":"https:\/\/familiasdemitierra.org.ar\/ac\/wp-json\/wp\/v2\/pages\/6\/revisions"}],"predecessor-version":[{"id":8,"href":"https:\/\/familiasdemitierra.org.ar\/ac\/wp-json\/wp\/v2\/pages\/6\/revisions\/8"}],"wp:attachment":[{"href":"https:\/\/familiasdemitierra.org.ar\/ac\/wp-json\/wp\/v2\/media?parent=6"}],"curies":[{"name":"wp","href":"https:\/\/api.w.org\/{rel}","templated":true}]}}